{"id":779,"date":"2021-07-08T05:24:21","date_gmt":"2021-07-08T05:24:21","guid":{"rendered":"https:\/\/suorabroadcast.com\/referenssit\/"},"modified":"2024-03-04T15:34:20","modified_gmt":"2024-03-04T15:34:20","slug":"referenser","status":"publish","type":"page","link":"https:\/\/suorabroadcast.com\/sv\/referenser\/","title":{"rendered":"Referenser"},"content":{"rendered":"<h1>Live<\/h1>\n<h1>Broadcasting<\/h1>\n<h1>Like Never<\/h1>\n<h1>Seen Before.<\/h1>\n","protected":false},"excerpt":{"rendered":"<p>De st\u00f6rsta finska serieproduktionerna i live-sport. Internationell toppidrott fr\u00e5n satellit till str\u00f6mning. Enskilda stadionevenemang och mindre studioproduktioner. Allt detta g\u00f6r vi \u00f6ver 10 000 timmar i \u00e5ret och alltid direkt. Vi tj\u00e4nar alla ledande tv-kanaler och inneh\u00e5llsf\u00f6retag. Vi f\u00e5r ber\u00f6m f\u00f6r v\u00e5r sakkunskap och service \u2013 i arbetet d\u00e4r kundn\u00f6jdheten \u00e4r den viktigaste parametern.<\/p>\n","protected":false},"author":1,"featured_media":1238,"parent":0,"menu_order":0,"comment_status":"closed","ping_status":"closed","template":"","meta":{"_acf_changed":false,"footnotes":""},"class_list":["post-779","page","type-page","status-publish","has-post-thumbnail","hentry"],"acf":[],"yoast_head":"<!-- This site is optimized with the Yoast SEO plugin v27.2 - https:\/\/yoast.com\/product\/yoast-seo-wordpress\/ -->\n<title>Referenser - Suora Broadcast<\/title>\n<meta name=\"description\" content=\"De st\u00f6rsta finska serieproduktionerna i live-sport. Internationell toppidrott fr\u00e5n satellit till str\u00f6mning. Enskilda stadionevenemang och mindre studioproduktioner. Allt detta g\u00f6r vi \u00f6ver 10 000 timmar i \u00e5ret och alltid direkt. Vi tj\u00e4nar alla ledande tv-kanaler och inneh\u00e5llsf\u00f6retag. Vi f\u00e5r ber\u00f6m f\u00f6r v\u00e5r sakkunskap och service \u2013 i arbetet d\u00e4r kundn\u00f6jdheten \u00e4r den viktigaste parametern.\" \/>\n<meta name=\"robots\" content=\"index, follow, max-snippet:-1, max-image-preview:large, max-video-preview:-1\" \/>\n<link rel=\"canonical\" href=\"https:\/\/suorabroadcast.com\/sv\/referenser\/\" \/>\n<meta property=\"og:locale\" content=\"sv_SE\" \/>\n<meta property=\"og:type\" content=\"article\" \/>\n<meta property=\"og:title\" content=\"Referenser - Suora Broadcast\" \/>\n<meta property=\"og:description\" content=\"De st\u00f6rsta finska serieproduktionerna i live-sport. Internationell toppidrott fr\u00e5n satellit till str\u00f6mning. Enskilda stadionevenemang och mindre studioproduktioner. Allt detta g\u00f6r vi \u00f6ver 10 000 timmar i \u00e5ret och alltid direkt. Vi tj\u00e4nar alla ledande tv-kanaler och inneh\u00e5llsf\u00f6retag. Vi f\u00e5r ber\u00f6m f\u00f6r v\u00e5r sakkunskap och service \u2013 i arbetet d\u00e4r kundn\u00f6jdheten \u00e4r den viktigaste parametern.\" \/>\n<meta property=\"og:url\" content=\"https:\/\/suorabroadcast.com\/sv\/referenser\/\" \/>\n<meta property=\"og:site_name\" content=\"Suora Broadcast\" \/>\n<meta property=\"article:modified_time\" content=\"2024-03-04T15:34:20+00:00\" \/>\n<meta property=\"og:image\" content=\"https:\/\/suorabroadcast.com\/wp-content\/uploads\/2021\/09\/og.jpg\" \/>\n\t<meta property=\"og:image:width\" content=\"1920\" \/>\n\t<meta property=\"og:image:height\" content=\"1080\" \/>\n\t<meta property=\"og:image:type\" content=\"image\/jpeg\" \/>\n<meta name=\"twitter:card\" content=\"summary_large_image\" \/>\n<meta name=\"twitter:label1\" content=\"Ber\u00e4knad l\u00e4stid\" \/>\n\t<meta name=\"twitter:data1\" content=\"1 minut\" \/>\n<script type=\"application\/ld+json\" class=\"yoast-schema-graph\">{\"@context\":\"https:\/\/schema.org\",\"@graph\":[{\"@type\":\"WebPage\",\"@id\":\"https:\/\/suorabroadcast.com\/sv\/referenser\/\",\"url\":\"https:\/\/suorabroadcast.com\/sv\/referenser\/\",\"name\":\"Referenser - Suora Broadcast\",\"isPartOf\":{\"@id\":\"https:\/\/suorabroadcast.com\/#website\"},\"primaryImageOfPage\":{\"@id\":\"https:\/\/suorabroadcast.com\/sv\/referenser\/#primaryimage\"},\"image\":{\"@id\":\"https:\/\/suorabroadcast.com\/sv\/referenser\/#primaryimage\"},\"thumbnailUrl\":\"https:\/\/suorabroadcast.com\/wp-content\/uploads\/2022\/03\/referenssit.jpg\",\"datePublished\":\"2021-07-08T05:24:21+00:00\",\"dateModified\":\"2024-03-04T15:34:20+00:00\",\"description\":\"De st\u00f6rsta finska serieproduktionerna i live-sport. Internationell toppidrott fr\u00e5n satellit till str\u00f6mning. Enskilda stadionevenemang och mindre studioproduktioner. Allt detta g\u00f6r vi \u00f6ver 10 000 timmar i \u00e5ret och alltid direkt. Vi tj\u00e4nar alla ledande tv-kanaler och inneh\u00e5llsf\u00f6retag. Vi f\u00e5r ber\u00f6m f\u00f6r v\u00e5r sakkunskap och service \u2013 i arbetet d\u00e4r kundn\u00f6jdheten \u00e4r den viktigaste parametern.\",\"inLanguage\":\"sv-SE\",\"potentialAction\":[{\"@type\":\"ReadAction\",\"target\":[\"https:\/\/suorabroadcast.com\/sv\/referenser\/\"]}]},{\"@type\":\"ImageObject\",\"inLanguage\":\"sv-SE\",\"@id\":\"https:\/\/suorabroadcast.com\/sv\/referenser\/#primaryimage\",\"url\":\"https:\/\/suorabroadcast.com\/wp-content\/uploads\/2022\/03\/referenssit.jpg\",\"contentUrl\":\"https:\/\/suorabroadcast.com\/wp-content\/uploads\/2022\/03\/referenssit.jpg\",\"width\":1920,\"height\":1084},{\"@type\":\"WebSite\",\"@id\":\"https:\/\/suorabroadcast.com\/#website\",\"url\":\"https:\/\/suorabroadcast.com\/\",\"name\":\"Suora Broadcast\",\"description\":\"\",\"potentialAction\":[{\"@type\":\"SearchAction\",\"target\":{\"@type\":\"EntryPoint\",\"urlTemplate\":\"https:\/\/suorabroadcast.com\/?s={search_term_string}\"},\"query-input\":{\"@type\":\"PropertyValueSpecification\",\"valueRequired\":true,\"valueName\":\"search_term_string\"}}],\"inLanguage\":\"sv-SE\"}]}<\/script>\n<!-- \/ Yoast SEO plugin. -->","yoast_head_json":{"title":"Referenser - Suora Broadcast","description":"De st\u00f6rsta finska serieproduktionerna i live-sport. Internationell toppidrott fr\u00e5n satellit till str\u00f6mning. Enskilda stadionevenemang och mindre studioproduktioner. Allt detta g\u00f6r vi \u00f6ver 10 000 timmar i \u00e5ret och alltid direkt. Vi tj\u00e4nar alla ledande tv-kanaler och inneh\u00e5llsf\u00f6retag. Vi f\u00e5r ber\u00f6m f\u00f6r v\u00e5r sakkunskap och service \u2013 i arbetet d\u00e4r kundn\u00f6jdheten \u00e4r den viktigaste parametern.","robots":{"index":"index","follow":"follow","max-snippet":"max-snippet:-1","max-image-preview":"max-image-preview:large","max-video-preview":"max-video-preview:-1"},"canonical":"https:\/\/suorabroadcast.com\/sv\/referenser\/","og_locale":"sv_SE","og_type":"article","og_title":"Referenser - Suora Broadcast","og_description":"De st\u00f6rsta finska serieproduktionerna i live-sport. Internationell toppidrott fr\u00e5n satellit till str\u00f6mning. Enskilda stadionevenemang och mindre studioproduktioner. Allt detta g\u00f6r vi \u00f6ver 10 000 timmar i \u00e5ret och alltid direkt. Vi tj\u00e4nar alla ledande tv-kanaler och inneh\u00e5llsf\u00f6retag. Vi f\u00e5r ber\u00f6m f\u00f6r v\u00e5r sakkunskap och service \u2013 i arbetet d\u00e4r kundn\u00f6jdheten \u00e4r den viktigaste parametern.","og_url":"https:\/\/suorabroadcast.com\/sv\/referenser\/","og_site_name":"Suora Broadcast","article_modified_time":"2024-03-04T15:34:20+00:00","og_image":[{"width":1920,"height":1080,"url":"https:\/\/suorabroadcast.com\/wp-content\/uploads\/2021\/09\/og.jpg","type":"image\/jpeg"}],"twitter_card":"summary_large_image","twitter_misc":{"Ber\u00e4knad l\u00e4stid":"1 minut"},"schema":{"@context":"https:\/\/schema.org","@graph":[{"@type":"WebPage","@id":"https:\/\/suorabroadcast.com\/sv\/referenser\/","url":"https:\/\/suorabroadcast.com\/sv\/referenser\/","name":"Referenser - Suora Broadcast","isPartOf":{"@id":"https:\/\/suorabroadcast.com\/#website"},"primaryImageOfPage":{"@id":"https:\/\/suorabroadcast.com\/sv\/referenser\/#primaryimage"},"image":{"@id":"https:\/\/suorabroadcast.com\/sv\/referenser\/#primaryimage"},"thumbnailUrl":"https:\/\/suorabroadcast.com\/wp-content\/uploads\/2022\/03\/referenssit.jpg","datePublished":"2021-07-08T05:24:21+00:00","dateModified":"2024-03-04T15:34:20+00:00","description":"De st\u00f6rsta finska serieproduktionerna i live-sport. Internationell toppidrott fr\u00e5n satellit till str\u00f6mning. Enskilda stadionevenemang och mindre studioproduktioner. Allt detta g\u00f6r vi \u00f6ver 10 000 timmar i \u00e5ret och alltid direkt. Vi tj\u00e4nar alla ledande tv-kanaler och inneh\u00e5llsf\u00f6retag. Vi f\u00e5r ber\u00f6m f\u00f6r v\u00e5r sakkunskap och service \u2013 i arbetet d\u00e4r kundn\u00f6jdheten \u00e4r den viktigaste parametern.","inLanguage":"sv-SE","potentialAction":[{"@type":"ReadAction","target":["https:\/\/suorabroadcast.com\/sv\/referenser\/"]}]},{"@type":"ImageObject","inLanguage":"sv-SE","@id":"https:\/\/suorabroadcast.com\/sv\/referenser\/#primaryimage","url":"https:\/\/suorabroadcast.com\/wp-content\/uploads\/2022\/03\/referenssit.jpg","contentUrl":"https:\/\/suorabroadcast.com\/wp-content\/uploads\/2022\/03\/referenssit.jpg","width":1920,"height":1084},{"@type":"WebSite","@id":"https:\/\/suorabroadcast.com\/#website","url":"https:\/\/suorabroadcast.com\/","name":"Suora Broadcast","description":"","potentialAction":[{"@type":"SearchAction","target":{"@type":"EntryPoint","urlTemplate":"https:\/\/suorabroadcast.com\/?s={search_term_string}"},"query-input":{"@type":"PropertyValueSpecification","valueRequired":true,"valueName":"search_term_string"}}],"inLanguage":"sv-SE"}]}},"_links":{"self":[{"href":"https:\/\/suorabroadcast.com\/sv\/wp-json\/wp\/v2\/pages\/779","targetHints":{"allow":["GET"]}}],"collection":[{"href":"https:\/\/suorabroadcast.com\/sv\/wp-json\/wp\/v2\/pages"}],"about":[{"href":"https:\/\/suorabroadcast.com\/sv\/wp-json\/wp\/v2\/types\/page"}],"author":[{"embeddable":true,"href":"https:\/\/suorabroadcast.com\/sv\/wp-json\/wp\/v2\/users\/1"}],"replies":[{"embeddable":true,"href":"https:\/\/suorabroadcast.com\/sv\/wp-json\/wp\/v2\/comments?post=779"}],"version-history":[{"count":11,"href":"https:\/\/suorabroadcast.com\/sv\/wp-json\/wp\/v2\/pages\/779\/revisions"}],"predecessor-version":[{"id":1490,"href":"https:\/\/suorabroadcast.com\/sv\/wp-json\/wp\/v2\/pages\/779\/revisions\/1490"}],"wp:featuredmedia":[{"embeddable":true,"href":"https:\/\/suorabroadcast.com\/sv\/wp-json\/wp\/v2\/media\/1238"}],"wp:attachment":[{"href":"https:\/\/suorabroadcast.com\/sv\/wp-json\/wp\/v2\/media?parent=779"}],"curies":[{"name":"wp","href":"https:\/\/api.w.org\/{rel}","templated":true}]}}