{"id":761,"date":"2021-07-07T07:14:35","date_gmt":"2021-07-07T07:14:35","guid":{"rendered":"https:\/\/suorabroadcast.com\/palvelut\/"},"modified":"2022-03-24T09:48:52","modified_gmt":"2022-03-24T09:48:52","slug":"tjanster","status":"publish","type":"page","link":"https:\/\/suorabroadcast.com\/sv\/tjanster\/","title":{"rendered":"TJ\u00c4NSTER"},"content":{"rendered":"<h1>Live<\/h1>\n<h1>Broadcasting<\/h1>\n<h1>Like Never<\/h1>\n<h1>Seen Before.<\/h1>\n","protected":false},"excerpt":{"rendered":"<p>Vi kan erbjuda den b\u00e4sta m\u00f6jliga l\u00f6sningen f\u00f6r alla behov inom medieproduktion tack vare v\u00e5r kompetenta personal och tekniska kapacitet. V\u00e5r specialkompetens \u00e4r sportserier som genomf\u00f6rts med en modern distansproduktionsmodell och andra utmanande live-produktioner.<\/p>\n","protected":false},"author":1,"featured_media":763,"parent":0,"menu_order":0,"comment_status":"closed","ping_status":"closed","template":"","meta":{"_acf_changed":false,"footnotes":""},"class_list":["post-761","page","type-page","status-publish","has-post-thumbnail","hentry"],"acf":[],"yoast_head":"<!-- This site is optimized with the Yoast SEO plugin v27.2 - https:\/\/yoast.com\/product\/yoast-seo-wordpress\/ -->\n<title>TJ\u00c4NSTER - Suora Broadcast<\/title>\n<meta name=\"description\" content=\"Vi kan erbjuda den b\u00e4sta m\u00f6jliga l\u00f6sningen f\u00f6r alla behov inom medieproduktion tack vare v\u00e5r kompetenta personal och tekniska kapacitet. V\u00e5r specialkompetens \u00e4r sportserier som genomf\u00f6rts med en modern distansproduktionsmodell och andra utmanande live-produktioner.\" \/>\n<meta name=\"robots\" content=\"index, follow, max-snippet:-1, max-image-preview:large, max-video-preview:-1\" \/>\n<link rel=\"canonical\" href=\"https:\/\/suorabroadcast.com\/sv\/tjanster\/\" \/>\n<meta property=\"og:locale\" content=\"sv_SE\" \/>\n<meta property=\"og:type\" content=\"article\" \/>\n<meta property=\"og:title\" content=\"TJ\u00c4NSTER - Suora Broadcast\" \/>\n<meta property=\"og:description\" content=\"Vi kan erbjuda den b\u00e4sta m\u00f6jliga l\u00f6sningen f\u00f6r alla behov inom medieproduktion tack vare v\u00e5r kompetenta personal och tekniska kapacitet. V\u00e5r specialkompetens \u00e4r sportserier som genomf\u00f6rts med en modern distansproduktionsmodell och andra utmanande live-produktioner.\" \/>\n<meta property=\"og:url\" content=\"https:\/\/suorabroadcast.com\/sv\/tjanster\/\" \/>\n<meta property=\"og:site_name\" content=\"Suora Broadcast\" \/>\n<meta property=\"article:modified_time\" content=\"2022-03-24T09:48:52+00:00\" \/>\n<meta property=\"og:image\" content=\"https:\/\/suorabroadcast.com\/wp-content\/uploads\/2021\/09\/og.jpg\" \/>\n\t<meta property=\"og:image:width\" content=\"1920\" \/>\n\t<meta property=\"og:image:height\" content=\"1080\" \/>\n\t<meta property=\"og:image:type\" content=\"image\/jpeg\" \/>\n<meta name=\"twitter:card\" content=\"summary_large_image\" \/>\n<script type=\"application\/ld+json\" class=\"yoast-schema-graph\">{\"@context\":\"https:\/\/schema.org\",\"@graph\":[{\"@type\":\"WebPage\",\"@id\":\"https:\/\/suorabroadcast.com\/sv\/tjanster\/\",\"url\":\"https:\/\/suorabroadcast.com\/sv\/tjanster\/\",\"name\":\"TJ\u00c4NSTER - Suora Broadcast\",\"isPartOf\":{\"@id\":\"https:\/\/suorabroadcast.com\/#website\"},\"primaryImageOfPage\":{\"@id\":\"https:\/\/suorabroadcast.com\/sv\/tjanster\/#primaryimage\"},\"image\":{\"@id\":\"https:\/\/suorabroadcast.com\/sv\/tjanster\/#primaryimage\"},\"thumbnailUrl\":\"https:\/\/suorabroadcast.com\/wp-content\/uploads\/2021\/08\/hero2.jpg\",\"datePublished\":\"2021-07-07T07:14:35+00:00\",\"dateModified\":\"2022-03-24T09:48:52+00:00\",\"description\":\"Vi kan erbjuda den b\u00e4sta m\u00f6jliga l\u00f6sningen f\u00f6r alla behov inom medieproduktion tack vare v\u00e5r kompetenta personal och tekniska kapacitet. V\u00e5r specialkompetens \u00e4r sportserier som genomf\u00f6rts med en modern distansproduktionsmodell och andra utmanande live-produktioner.\",\"inLanguage\":\"sv-SE\",\"potentialAction\":[{\"@type\":\"ReadAction\",\"target\":[\"https:\/\/suorabroadcast.com\/sv\/tjanster\/\"]}]},{\"@type\":\"ImageObject\",\"inLanguage\":\"sv-SE\",\"@id\":\"https:\/\/suorabroadcast.com\/sv\/tjanster\/#primaryimage\",\"url\":\"https:\/\/suorabroadcast.com\/wp-content\/uploads\/2021\/08\/hero2.jpg\",\"contentUrl\":\"https:\/\/suorabroadcast.com\/wp-content\/uploads\/2021\/08\/hero2.jpg\",\"width\":1920,\"height\":655},{\"@type\":\"WebSite\",\"@id\":\"https:\/\/suorabroadcast.com\/#website\",\"url\":\"https:\/\/suorabroadcast.com\/\",\"name\":\"Suora Broadcast\",\"description\":\"\",\"potentialAction\":[{\"@type\":\"SearchAction\",\"target\":{\"@type\":\"EntryPoint\",\"urlTemplate\":\"https:\/\/suorabroadcast.com\/?s={search_term_string}\"},\"query-input\":{\"@type\":\"PropertyValueSpecification\",\"valueRequired\":true,\"valueName\":\"search_term_string\"}}],\"inLanguage\":\"sv-SE\"}]}<\/script>\n<!-- \/ Yoast SEO plugin. -->","yoast_head_json":{"title":"TJ\u00c4NSTER - Suora Broadcast","description":"Vi kan erbjuda den b\u00e4sta m\u00f6jliga l\u00f6sningen f\u00f6r alla behov inom medieproduktion tack vare v\u00e5r kompetenta personal och tekniska kapacitet. V\u00e5r specialkompetens \u00e4r sportserier som genomf\u00f6rts med en modern distansproduktionsmodell och andra utmanande live-produktioner.","robots":{"index":"index","follow":"follow","max-snippet":"max-snippet:-1","max-image-preview":"max-image-preview:large","max-video-preview":"max-video-preview:-1"},"canonical":"https:\/\/suorabroadcast.com\/sv\/tjanster\/","og_locale":"sv_SE","og_type":"article","og_title":"TJ\u00c4NSTER - Suora Broadcast","og_description":"Vi kan erbjuda den b\u00e4sta m\u00f6jliga l\u00f6sningen f\u00f6r alla behov inom medieproduktion tack vare v\u00e5r kompetenta personal och tekniska kapacitet. V\u00e5r specialkompetens \u00e4r sportserier som genomf\u00f6rts med en modern distansproduktionsmodell och andra utmanande live-produktioner.","og_url":"https:\/\/suorabroadcast.com\/sv\/tjanster\/","og_site_name":"Suora Broadcast","article_modified_time":"2022-03-24T09:48:52+00:00","og_image":[{"width":1920,"height":1080,"url":"https:\/\/suorabroadcast.com\/wp-content\/uploads\/2021\/09\/og.jpg","type":"image\/jpeg"}],"twitter_card":"summary_large_image","schema":{"@context":"https:\/\/schema.org","@graph":[{"@type":"WebPage","@id":"https:\/\/suorabroadcast.com\/sv\/tjanster\/","url":"https:\/\/suorabroadcast.com\/sv\/tjanster\/","name":"TJ\u00c4NSTER - Suora Broadcast","isPartOf":{"@id":"https:\/\/suorabroadcast.com\/#website"},"primaryImageOfPage":{"@id":"https:\/\/suorabroadcast.com\/sv\/tjanster\/#primaryimage"},"image":{"@id":"https:\/\/suorabroadcast.com\/sv\/tjanster\/#primaryimage"},"thumbnailUrl":"https:\/\/suorabroadcast.com\/wp-content\/uploads\/2021\/08\/hero2.jpg","datePublished":"2021-07-07T07:14:35+00:00","dateModified":"2022-03-24T09:48:52+00:00","description":"Vi kan erbjuda den b\u00e4sta m\u00f6jliga l\u00f6sningen f\u00f6r alla behov inom medieproduktion tack vare v\u00e5r kompetenta personal och tekniska kapacitet. V\u00e5r specialkompetens \u00e4r sportserier som genomf\u00f6rts med en modern distansproduktionsmodell och andra utmanande live-produktioner.","inLanguage":"sv-SE","potentialAction":[{"@type":"ReadAction","target":["https:\/\/suorabroadcast.com\/sv\/tjanster\/"]}]},{"@type":"ImageObject","inLanguage":"sv-SE","@id":"https:\/\/suorabroadcast.com\/sv\/tjanster\/#primaryimage","url":"https:\/\/suorabroadcast.com\/wp-content\/uploads\/2021\/08\/hero2.jpg","contentUrl":"https:\/\/suorabroadcast.com\/wp-content\/uploads\/2021\/08\/hero2.jpg","width":1920,"height":655},{"@type":"WebSite","@id":"https:\/\/suorabroadcast.com\/#website","url":"https:\/\/suorabroadcast.com\/","name":"Suora Broadcast","description":"","potentialAction":[{"@type":"SearchAction","target":{"@type":"EntryPoint","urlTemplate":"https:\/\/suorabroadcast.com\/?s={search_term_string}"},"query-input":{"@type":"PropertyValueSpecification","valueRequired":true,"valueName":"search_term_string"}}],"inLanguage":"sv-SE"}]}},"_links":{"self":[{"href":"https:\/\/suorabroadcast.com\/sv\/wp-json\/wp\/v2\/pages\/761","targetHints":{"allow":["GET"]}}],"collection":[{"href":"https:\/\/suorabroadcast.com\/sv\/wp-json\/wp\/v2\/pages"}],"about":[{"href":"https:\/\/suorabroadcast.com\/sv\/wp-json\/wp\/v2\/types\/page"}],"author":[{"embeddable":true,"href":"https:\/\/suorabroadcast.com\/sv\/wp-json\/wp\/v2\/users\/1"}],"replies":[{"embeddable":true,"href":"https:\/\/suorabroadcast.com\/sv\/wp-json\/wp\/v2\/comments?post=761"}],"version-history":[{"count":12,"href":"https:\/\/suorabroadcast.com\/sv\/wp-json\/wp\/v2\/pages\/761\/revisions"}],"predecessor-version":[{"id":1240,"href":"https:\/\/suorabroadcast.com\/sv\/wp-json\/wp\/v2\/pages\/761\/revisions\/1240"}],"wp:featuredmedia":[{"embeddable":true,"href":"https:\/\/suorabroadcast.com\/sv\/wp-json\/wp\/v2\/media\/763"}],"wp:attachment":[{"href":"https:\/\/suorabroadcast.com\/sv\/wp-json\/wp\/v2\/media?parent=761"}],"curies":[{"name":"wp","href":"https:\/\/api.w.org\/{rel}","templated":true}]}}