{"id":731,"date":"2021-06-30T12:14:46","date_gmt":"2021-06-30T12:14:46","guid":{"rendered":"https:\/\/suorabroadcast.com\/etusivu\/"},"modified":"2023-01-10T14:17:54","modified_gmt":"2023-01-10T14:17:54","slug":"etusivu","status":"publish","type":"page","link":"https:\/\/suorabroadcast.com\/sv\/","title":{"rendered":"Frontsidan"},"content":{"rendered":"<p><img loading=\"lazy\" decoding=\"async\" class=\"alignnone size-full wp-image-24 aligncenter\" src=\"https:\/\/suorabroadcast.com\/wp-content\/uploads\/2021\/07\/suora-w-slogan.png\" alt=\"Suora Broadcasting\" width=\"579\" height=\"302\" srcset=\"https:\/\/suorabroadcast.com\/wp-content\/uploads\/2021\/07\/suora-w-slogan.png 579w, https:\/\/suorabroadcast.com\/wp-content\/uploads\/2021\/07\/suora-w-slogan-300x156.png 300w\" sizes=\"auto, (max-width: 579px) 100vw, 579px\" \/><\/p>\n<p style=\"text-align: center;\">\n","protected":false},"excerpt":{"rendered":"<p>Streamteam \u00e4r nu SUORA Broadcast, ett tekniskt produktionsbolag som specialiserar sig p\u00e5 live-produktioner och \u00e4r en av de st\u00f6rsta i Norden som erbjuder flerkameraproduktioner i sport. Det nya namnet ber\u00e4ttar om vad vi g\u00f6r och varum\u00e4rkesf\u00f6rnyelsen om vad vi redan l\u00e4nge har varit. Som en teknisk pionj\u00e4r i branschen kan vi erbjuda v\u00e5ra kunder en tekniskt h\u00e5llbar, drifts\u00e4ker och helt koldioxidneutral tv-produktion, som n\u00e4stan obegr\u00e4nsat kan anpassas till olika behov.<\/p>\n<p>Vi \u00e4r mest k\u00e4nda inom live-sport. Vi producerar \u00f6ver 2 000 direkts\u00e4ndningar varje \u00e5r: bland annat travsport och FM-ligan och landslagsmatcher i ishockey. De \u00e4r alla unika tillf\u00e4llen eftersom direkt \u00e4r alltid direkt.<\/p>\n","protected":false},"author":1,"featured_media":732,"parent":0,"menu_order":0,"comment_status":"closed","ping_status":"closed","template":"","meta":{"_acf_changed":false,"footnotes":""},"class_list":["post-731","page","type-page","status-publish","has-post-thumbnail","hentry"],"acf":[],"yoast_head":"<!-- This site is optimized with the Yoast SEO plugin v27.2 - https:\/\/yoast.com\/product\/yoast-seo-wordpress\/ -->\n<title>Frontsidan - Suora Broadcast<\/title>\n<meta name=\"robots\" content=\"index, follow, max-snippet:-1, max-image-preview:large, max-video-preview:-1\" \/>\n<link rel=\"canonical\" href=\"https:\/\/suorabroadcast.com\/sv\/\" \/>\n<meta property=\"og:locale\" content=\"sv_SE\" \/>\n<meta property=\"og:type\" content=\"article\" \/>\n<meta property=\"og:title\" content=\"Frontsidan - Suora Broadcast\" \/>\n<meta property=\"og:description\" content=\"Streamteam \u00e4r nu SUORA Broadcast, ett tekniskt produktionsbolag som specialiserar sig p\u00e5 live-produktioner och \u00e4r en av de st\u00f6rsta i Norden som erbjuder flerkameraproduktioner i sport. Det nya namnet ber\u00e4ttar om vad vi g\u00f6r och varum\u00e4rkesf\u00f6rnyelsen om vad vi redan l\u00e4nge har varit. Som en teknisk pionj\u00e4r i branschen kan vi erbjuda v\u00e5ra kunder en tekniskt h\u00e5llbar, drifts\u00e4ker och helt koldioxidneutral tv-produktion, som n\u00e4stan obegr\u00e4nsat kan anpassas till olika behov.  Vi \u00e4r mest k\u00e4nda inom live-sport. Vi producerar \u00f6ver 2 000 direkts\u00e4ndningar varje \u00e5r: bland annat travsport och FM-ligan och landslagsmatcher i ishockey. De \u00e4r alla unika tillf\u00e4llen eftersom direkt \u00e4r alltid direkt.\" \/>\n<meta property=\"og:url\" content=\"https:\/\/suorabroadcast.com\/sv\/\" \/>\n<meta property=\"og:site_name\" content=\"Suora Broadcast\" \/>\n<meta property=\"article:modified_time\" content=\"2023-01-10T14:17:54+00:00\" \/>\n<meta property=\"og:image\" content=\"https:\/\/suorabroadcast.com\/wp-content\/uploads\/2021\/09\/og.jpg\" \/>\n\t<meta property=\"og:image:width\" content=\"1920\" \/>\n\t<meta property=\"og:image:height\" content=\"1080\" \/>\n\t<meta property=\"og:image:type\" content=\"image\/jpeg\" \/>\n<meta name=\"twitter:card\" content=\"summary_large_image\" \/>\n<meta name=\"twitter:label1\" content=\"Ber\u00e4knad l\u00e4stid\" \/>\n\t<meta name=\"twitter:data1\" content=\"1 minut\" \/>\n<script type=\"application\/ld+json\" class=\"yoast-schema-graph\">{\"@context\":\"https:\/\/schema.org\",\"@graph\":[{\"@type\":\"WebPage\",\"@id\":\"https:\/\/suorabroadcast.com\/sv\/\",\"url\":\"https:\/\/suorabroadcast.com\/sv\/\",\"name\":\"Frontsidan - Suora Broadcast\",\"isPartOf\":{\"@id\":\"https:\/\/suorabroadcast.com\/#website\"},\"primaryImageOfPage\":{\"@id\":\"https:\/\/suorabroadcast.com\/sv\/#primaryimage\"},\"image\":{\"@id\":\"https:\/\/suorabroadcast.com\/sv\/#primaryimage\"},\"thumbnailUrl\":\"https:\/\/suorabroadcast.com\/wp-content\/uploads\/2021\/07\/hero.png\",\"datePublished\":\"2021-06-30T12:14:46+00:00\",\"dateModified\":\"2023-01-10T14:17:54+00:00\",\"inLanguage\":\"sv-SE\",\"potentialAction\":[{\"@type\":\"ReadAction\",\"target\":[\"https:\/\/suorabroadcast.com\/sv\/\"]}]},{\"@type\":\"ImageObject\",\"inLanguage\":\"sv-SE\",\"@id\":\"https:\/\/suorabroadcast.com\/sv\/#primaryimage\",\"url\":\"https:\/\/suorabroadcast.com\/wp-content\/uploads\/2021\/07\/hero.png\",\"contentUrl\":\"https:\/\/suorabroadcast.com\/wp-content\/uploads\/2021\/07\/hero.png\",\"width\":1920,\"height\":1079},{\"@type\":\"WebSite\",\"@id\":\"https:\/\/suorabroadcast.com\/#website\",\"url\":\"https:\/\/suorabroadcast.com\/\",\"name\":\"Suora Broadcast\",\"description\":\"\",\"potentialAction\":[{\"@type\":\"SearchAction\",\"target\":{\"@type\":\"EntryPoint\",\"urlTemplate\":\"https:\/\/suorabroadcast.com\/?s={search_term_string}\"},\"query-input\":{\"@type\":\"PropertyValueSpecification\",\"valueRequired\":true,\"valueName\":\"search_term_string\"}}],\"inLanguage\":\"sv-SE\"}]}<\/script>\n<!-- \/ Yoast SEO plugin. -->","yoast_head_json":{"title":"Frontsidan - Suora Broadcast","robots":{"index":"index","follow":"follow","max-snippet":"max-snippet:-1","max-image-preview":"max-image-preview:large","max-video-preview":"max-video-preview:-1"},"canonical":"https:\/\/suorabroadcast.com\/sv\/","og_locale":"sv_SE","og_type":"article","og_title":"Frontsidan - Suora Broadcast","og_description":"Streamteam \u00e4r nu SUORA Broadcast, ett tekniskt produktionsbolag som specialiserar sig p\u00e5 live-produktioner och \u00e4r en av de st\u00f6rsta i Norden som erbjuder flerkameraproduktioner i sport. Det nya namnet ber\u00e4ttar om vad vi g\u00f6r och varum\u00e4rkesf\u00f6rnyelsen om vad vi redan l\u00e4nge har varit. Som en teknisk pionj\u00e4r i branschen kan vi erbjuda v\u00e5ra kunder en tekniskt h\u00e5llbar, drifts\u00e4ker och helt koldioxidneutral tv-produktion, som n\u00e4stan obegr\u00e4nsat kan anpassas till olika behov.  Vi \u00e4r mest k\u00e4nda inom live-sport. Vi producerar \u00f6ver 2 000 direkts\u00e4ndningar varje \u00e5r: bland annat travsport och FM-ligan och landslagsmatcher i ishockey. De \u00e4r alla unika tillf\u00e4llen eftersom direkt \u00e4r alltid direkt.","og_url":"https:\/\/suorabroadcast.com\/sv\/","og_site_name":"Suora Broadcast","article_modified_time":"2023-01-10T14:17:54+00:00","og_image":[{"width":1920,"height":1080,"url":"https:\/\/suorabroadcast.com\/wp-content\/uploads\/2021\/09\/og.jpg","type":"image\/jpeg"}],"twitter_card":"summary_large_image","twitter_misc":{"Ber\u00e4knad l\u00e4stid":"1 minut"},"schema":{"@context":"https:\/\/schema.org","@graph":[{"@type":"WebPage","@id":"https:\/\/suorabroadcast.com\/sv\/","url":"https:\/\/suorabroadcast.com\/sv\/","name":"Frontsidan - Suora Broadcast","isPartOf":{"@id":"https:\/\/suorabroadcast.com\/#website"},"primaryImageOfPage":{"@id":"https:\/\/suorabroadcast.com\/sv\/#primaryimage"},"image":{"@id":"https:\/\/suorabroadcast.com\/sv\/#primaryimage"},"thumbnailUrl":"https:\/\/suorabroadcast.com\/wp-content\/uploads\/2021\/07\/hero.png","datePublished":"2021-06-30T12:14:46+00:00","dateModified":"2023-01-10T14:17:54+00:00","inLanguage":"sv-SE","potentialAction":[{"@type":"ReadAction","target":["https:\/\/suorabroadcast.com\/sv\/"]}]},{"@type":"ImageObject","inLanguage":"sv-SE","@id":"https:\/\/suorabroadcast.com\/sv\/#primaryimage","url":"https:\/\/suorabroadcast.com\/wp-content\/uploads\/2021\/07\/hero.png","contentUrl":"https:\/\/suorabroadcast.com\/wp-content\/uploads\/2021\/07\/hero.png","width":1920,"height":1079},{"@type":"WebSite","@id":"https:\/\/suorabroadcast.com\/#website","url":"https:\/\/suorabroadcast.com\/","name":"Suora Broadcast","description":"","potentialAction":[{"@type":"SearchAction","target":{"@type":"EntryPoint","urlTemplate":"https:\/\/suorabroadcast.com\/?s={search_term_string}"},"query-input":{"@type":"PropertyValueSpecification","valueRequired":true,"valueName":"search_term_string"}}],"inLanguage":"sv-SE"}]}},"_links":{"self":[{"href":"https:\/\/suorabroadcast.com\/sv\/wp-json\/wp\/v2\/pages\/731","targetHints":{"allow":["GET"]}}],"collection":[{"href":"https:\/\/suorabroadcast.com\/sv\/wp-json\/wp\/v2\/pages"}],"about":[{"href":"https:\/\/suorabroadcast.com\/sv\/wp-json\/wp\/v2\/types\/page"}],"author":[{"embeddable":true,"href":"https:\/\/suorabroadcast.com\/sv\/wp-json\/wp\/v2\/users\/1"}],"replies":[{"embeddable":true,"href":"https:\/\/suorabroadcast.com\/sv\/wp-json\/wp\/v2\/comments?post=731"}],"version-history":[{"count":7,"href":"https:\/\/suorabroadcast.com\/sv\/wp-json\/wp\/v2\/pages\/731\/revisions"}],"predecessor-version":[{"id":1294,"href":"https:\/\/suorabroadcast.com\/sv\/wp-json\/wp\/v2\/pages\/731\/revisions\/1294"}],"wp:featuredmedia":[{"embeddable":true,"href":"https:\/\/suorabroadcast.com\/sv\/wp-json\/wp\/v2\/media\/732"}],"wp:attachment":[{"href":"https:\/\/suorabroadcast.com\/sv\/wp-json\/wp\/v2\/media?parent=731"}],"curies":[{"name":"wp","href":"https:\/\/api.w.org\/{rel}","templated":true}]}}