{"id":1159,"date":"2022-01-26T12:26:10","date_gmt":"2022-01-26T12:26:10","guid":{"rendered":"https:\/\/suorabroadcast.com\/foretag\/historia\/"},"modified":"2022-03-24T09:14:46","modified_gmt":"2022-03-24T09:14:46","slug":"historik","status":"publish","type":"page","link":"https:\/\/suorabroadcast.com\/sv\/foretag\/historik\/","title":{"rendered":"Historik"},"content":{"rendered":"<h1>Historik<\/h1>\n","protected":false},"excerpt":{"rendered":"<h3>Streamteam Nordic \u00e4r nu Suora Broadcast.<\/h3>\n<p>Direktuppspelningar som b\u00f6rjade p\u00e5 travbanorna i Norra Finland har ersatts av kr\u00e4vande TV-produktioner. D\u00e5varande Streamteam \u00e4r nu k\u00e4nd som Suora Broadcast \u2013 och ut\u00f6ver travt\u00e4vlingar \u00e4ven s\u00e4rskilt f\u00f6r ishockeyproduktioner och distansproduktionsmodellen vi utvecklat. I och med varum\u00e4rkesreformen 2021 expanderades verksamheten till Sverige.<\/p>\n","protected":false},"author":1,"featured_media":1249,"parent":737,"menu_order":0,"comment_status":"closed","ping_status":"closed","template":"","meta":{"_acf_changed":false,"footnotes":""},"class_list":["post-1159","page","type-page","status-publish","has-post-thumbnail","hentry"],"acf":[],"yoast_head":"<!-- This site is optimized with the Yoast SEO plugin v27.2 - https:\/\/yoast.com\/product\/yoast-seo-wordpress\/ -->\n<title>Historik - Suora Broadcast<\/title>\n<meta name=\"robots\" content=\"index, follow, max-snippet:-1, max-image-preview:large, max-video-preview:-1\" \/>\n<link rel=\"canonical\" href=\"https:\/\/suorabroadcast.com\/sv\/foretag\/historik\/\" \/>\n<meta property=\"og:locale\" content=\"sv_SE\" \/>\n<meta property=\"og:type\" content=\"article\" \/>\n<meta property=\"og:title\" content=\"Historik - Suora Broadcast\" \/>\n<meta property=\"og:description\" content=\"Streamteam Nordic \u00e4r nu Suora Broadcast. Direktuppspelningar som b\u00f6rjade p\u00e5 travbanorna i Norra Finland har ersatts av kr\u00e4vande TV-produktioner. D\u00e5varande Streamteam \u00e4r nu k\u00e4nd som Suora Broadcast \u2013 och ut\u00f6ver travt\u00e4vlingar \u00e4ven s\u00e4rskilt f\u00f6r ishockeyproduktioner och distansproduktionsmodellen vi utvecklat. I och med varum\u00e4rkesreformen 2021 expanderades verksamheten till Sverige.\" \/>\n<meta property=\"og:url\" content=\"https:\/\/suorabroadcast.com\/sv\/foretag\/historik\/\" \/>\n<meta property=\"og:site_name\" content=\"Suora Broadcast\" \/>\n<meta property=\"article:modified_time\" content=\"2022-03-24T09:14:46+00:00\" \/>\n<meta property=\"og:image\" content=\"https:\/\/suorabroadcast.com\/wp-content\/uploads\/2022\/03\/historia-hero.jpg\" \/>\n\t<meta property=\"og:image:width\" content=\"1920\" \/>\n\t<meta property=\"og:image:height\" content=\"655\" \/>\n\t<meta property=\"og:image:type\" content=\"image\/jpeg\" \/>\n<meta name=\"twitter:card\" content=\"summary_large_image\" \/>\n<meta name=\"twitter:label1\" content=\"Ber\u00e4knad l\u00e4stid\" \/>\n\t<meta name=\"twitter:data1\" content=\"1 minut\" \/>\n<script type=\"application\/ld+json\" class=\"yoast-schema-graph\">{\"@context\":\"https:\/\/schema.org\",\"@graph\":[{\"@type\":\"WebPage\",\"@id\":\"https:\/\/suorabroadcast.com\/sv\/foretag\/historik\/\",\"url\":\"https:\/\/suorabroadcast.com\/sv\/foretag\/historik\/\",\"name\":\"Historik - Suora Broadcast\",\"isPartOf\":{\"@id\":\"https:\/\/suorabroadcast.com\/#website\"},\"primaryImageOfPage\":{\"@id\":\"https:\/\/suorabroadcast.com\/sv\/foretag\/historik\/#primaryimage\"},\"image\":{\"@id\":\"https:\/\/suorabroadcast.com\/sv\/foretag\/historik\/#primaryimage\"},\"thumbnailUrl\":\"https:\/\/suorabroadcast.com\/wp-content\/uploads\/2022\/03\/historia-hero.jpg\",\"datePublished\":\"2022-01-26T12:26:10+00:00\",\"dateModified\":\"2022-03-24T09:14:46+00:00\",\"breadcrumb\":{\"@id\":\"https:\/\/suorabroadcast.com\/sv\/foretag\/historik\/#breadcrumb\"},\"inLanguage\":\"sv-SE\",\"potentialAction\":[{\"@type\":\"ReadAction\",\"target\":[\"https:\/\/suorabroadcast.com\/sv\/foretag\/historik\/\"]}]},{\"@type\":\"ImageObject\",\"inLanguage\":\"sv-SE\",\"@id\":\"https:\/\/suorabroadcast.com\/sv\/foretag\/historik\/#primaryimage\",\"url\":\"https:\/\/suorabroadcast.com\/wp-content\/uploads\/2022\/03\/historia-hero.jpg\",\"contentUrl\":\"https:\/\/suorabroadcast.com\/wp-content\/uploads\/2022\/03\/historia-hero.jpg\",\"width\":1920,\"height\":655},{\"@type\":\"BreadcrumbList\",\"@id\":\"https:\/\/suorabroadcast.com\/sv\/foretag\/historik\/#breadcrumb\",\"itemListElement\":[{\"@type\":\"ListItem\",\"position\":1,\"name\":\"F\u00f6retag\",\"item\":\"https:\/\/suorabroadcast.com\/sv\/foretag\/\"},{\"@type\":\"ListItem\",\"position\":2,\"name\":\"Historik\"}]},{\"@type\":\"WebSite\",\"@id\":\"https:\/\/suorabroadcast.com\/#website\",\"url\":\"https:\/\/suorabroadcast.com\/\",\"name\":\"Suora Broadcast\",\"description\":\"\",\"potentialAction\":[{\"@type\":\"SearchAction\",\"target\":{\"@type\":\"EntryPoint\",\"urlTemplate\":\"https:\/\/suorabroadcast.com\/?s={search_term_string}\"},\"query-input\":{\"@type\":\"PropertyValueSpecification\",\"valueRequired\":true,\"valueName\":\"search_term_string\"}}],\"inLanguage\":\"sv-SE\"}]}<\/script>\n<!-- \/ Yoast SEO plugin. -->","yoast_head_json":{"title":"Historik - Suora Broadcast","robots":{"index":"index","follow":"follow","max-snippet":"max-snippet:-1","max-image-preview":"max-image-preview:large","max-video-preview":"max-video-preview:-1"},"canonical":"https:\/\/suorabroadcast.com\/sv\/foretag\/historik\/","og_locale":"sv_SE","og_type":"article","og_title":"Historik - Suora Broadcast","og_description":"Streamteam Nordic \u00e4r nu Suora Broadcast. Direktuppspelningar som b\u00f6rjade p\u00e5 travbanorna i Norra Finland har ersatts av kr\u00e4vande TV-produktioner. D\u00e5varande Streamteam \u00e4r nu k\u00e4nd som Suora Broadcast \u2013 och ut\u00f6ver travt\u00e4vlingar \u00e4ven s\u00e4rskilt f\u00f6r ishockeyproduktioner och distansproduktionsmodellen vi utvecklat. I och med varum\u00e4rkesreformen 2021 expanderades verksamheten till Sverige.","og_url":"https:\/\/suorabroadcast.com\/sv\/foretag\/historik\/","og_site_name":"Suora Broadcast","article_modified_time":"2022-03-24T09:14:46+00:00","og_image":[{"width":1920,"height":655,"url":"https:\/\/suorabroadcast.com\/wp-content\/uploads\/2022\/03\/historia-hero.jpg","type":"image\/jpeg"}],"twitter_card":"summary_large_image","twitter_misc":{"Ber\u00e4knad l\u00e4stid":"1 minut"},"schema":{"@context":"https:\/\/schema.org","@graph":[{"@type":"WebPage","@id":"https:\/\/suorabroadcast.com\/sv\/foretag\/historik\/","url":"https:\/\/suorabroadcast.com\/sv\/foretag\/historik\/","name":"Historik - Suora Broadcast","isPartOf":{"@id":"https:\/\/suorabroadcast.com\/#website"},"primaryImageOfPage":{"@id":"https:\/\/suorabroadcast.com\/sv\/foretag\/historik\/#primaryimage"},"image":{"@id":"https:\/\/suorabroadcast.com\/sv\/foretag\/historik\/#primaryimage"},"thumbnailUrl":"https:\/\/suorabroadcast.com\/wp-content\/uploads\/2022\/03\/historia-hero.jpg","datePublished":"2022-01-26T12:26:10+00:00","dateModified":"2022-03-24T09:14:46+00:00","breadcrumb":{"@id":"https:\/\/suorabroadcast.com\/sv\/foretag\/historik\/#breadcrumb"},"inLanguage":"sv-SE","potentialAction":[{"@type":"ReadAction","target":["https:\/\/suorabroadcast.com\/sv\/foretag\/historik\/"]}]},{"@type":"ImageObject","inLanguage":"sv-SE","@id":"https:\/\/suorabroadcast.com\/sv\/foretag\/historik\/#primaryimage","url":"https:\/\/suorabroadcast.com\/wp-content\/uploads\/2022\/03\/historia-hero.jpg","contentUrl":"https:\/\/suorabroadcast.com\/wp-content\/uploads\/2022\/03\/historia-hero.jpg","width":1920,"height":655},{"@type":"BreadcrumbList","@id":"https:\/\/suorabroadcast.com\/sv\/foretag\/historik\/#breadcrumb","itemListElement":[{"@type":"ListItem","position":1,"name":"F\u00f6retag","item":"https:\/\/suorabroadcast.com\/sv\/foretag\/"},{"@type":"ListItem","position":2,"name":"Historik"}]},{"@type":"WebSite","@id":"https:\/\/suorabroadcast.com\/#website","url":"https:\/\/suorabroadcast.com\/","name":"Suora Broadcast","description":"","potentialAction":[{"@type":"SearchAction","target":{"@type":"EntryPoint","urlTemplate":"https:\/\/suorabroadcast.com\/?s={search_term_string}"},"query-input":{"@type":"PropertyValueSpecification","valueRequired":true,"valueName":"search_term_string"}}],"inLanguage":"sv-SE"}]}},"_links":{"self":[{"href":"https:\/\/suorabroadcast.com\/sv\/wp-json\/wp\/v2\/pages\/1159","targetHints":{"allow":["GET"]}}],"collection":[{"href":"https:\/\/suorabroadcast.com\/sv\/wp-json\/wp\/v2\/pages"}],"about":[{"href":"https:\/\/suorabroadcast.com\/sv\/wp-json\/wp\/v2\/types\/page"}],"author":[{"embeddable":true,"href":"https:\/\/suorabroadcast.com\/sv\/wp-json\/wp\/v2\/users\/1"}],"replies":[{"embeddable":true,"href":"https:\/\/suorabroadcast.com\/sv\/wp-json\/wp\/v2\/comments?post=1159"}],"version-history":[{"count":4,"href":"https:\/\/suorabroadcast.com\/sv\/wp-json\/wp\/v2\/pages\/1159\/revisions"}],"predecessor-version":[{"id":1209,"href":"https:\/\/suorabroadcast.com\/sv\/wp-json\/wp\/v2\/pages\/1159\/revisions\/1209"}],"up":[{"embeddable":true,"href":"https:\/\/suorabroadcast.com\/sv\/wp-json\/wp\/v2\/pages\/737"}],"wp:featuredmedia":[{"embeddable":true,"href":"https:\/\/suorabroadcast.com\/sv\/wp-json\/wp\/v2\/media\/1249"}],"wp:attachment":[{"href":"https:\/\/suorabroadcast.com\/sv\/wp-json\/wp\/v2\/media?parent=1159"}],"curies":[{"name":"wp","href":"https:\/\/api.w.org\/{rel}","templated":true}]}}