{"id":1150,"date":"2022-01-26T12:17:01","date_gmt":"2022-01-26T12:17:01","guid":{"rendered":"https:\/\/suorabroadcast.com\/foretag\/vastuullisuus\/"},"modified":"2022-03-03T07:51:55","modified_gmt":"2022-03-03T07:51:55","slug":"ansvarsfullhet","status":"publish","type":"page","link":"https:\/\/suorabroadcast.com\/sv\/foretag\/ansvarsfullhet\/","title":{"rendered":"Ansvarsfullhet"},"content":{"rendered":"<h1>Ansvarsfullhet<\/h1>\n","protected":false},"excerpt":{"rendered":"<p>Vi vill vara en ansvarsfull banbrytare inom v\u00e5r bransch. V\u00e5r verksamhet bygger p\u00e5 ansvarsfulla verksamhetss\u00e4tt, n\u00e5got som vi ocks\u00e5 f\u00f6ruts\u00e4tter av v\u00e5ra underleverant\u00f6rer och partner. Suoras ansvarsprogram grundar sig p\u00e5 FN:s m\u00e5l f\u00f6r h\u00e5llbar utveckling och vi har identifierat sex delomr\u00e5den i v\u00e5r aff\u00e4rsverksamhet genom vilka vi kan st\u00f6dja genomf\u00f6randet av dessa m\u00e5l. Under de senaste \u00e5ren har klimatf\u00f6r\u00e4ndringen och \u00e5tg\u00e4rder f\u00f6r att bek\u00e4mpa den st\u00e5tt i centrum f\u00f6r v\u00e5rt ansvarsarbete. I b\u00f6rjan av 2021 uppn\u00e5dde vi koldioxidneutralitet i v\u00e5ra produktioner som den f\u00f6rsta akt\u00f6ren i branschen i Finland.<\/p>\n","protected":false},"author":1,"featured_media":1034,"parent":737,"menu_order":0,"comment_status":"closed","ping_status":"closed","template":"","meta":{"_acf_changed":false,"footnotes":""},"class_list":["post-1150","page","type-page","status-publish","has-post-thumbnail","hentry"],"acf":[],"yoast_head":"<!-- This site is optimized with the Yoast SEO plugin v27.2 - https:\/\/yoast.com\/product\/yoast-seo-wordpress\/ -->\n<title>Ansvarsfullhet - Suora Broadcast<\/title>\n<meta name=\"robots\" content=\"index, follow, max-snippet:-1, max-image-preview:large, max-video-preview:-1\" \/>\n<link rel=\"canonical\" href=\"https:\/\/suorabroadcast.com\/sv\/foretag\/ansvarsfullhet\/\" \/>\n<meta property=\"og:locale\" content=\"sv_SE\" \/>\n<meta property=\"og:type\" content=\"article\" \/>\n<meta property=\"og:title\" content=\"Ansvarsfullhet - Suora Broadcast\" \/>\n<meta property=\"og:description\" content=\"Vi vill vara en ansvarsfull banbrytare inom v\u00e5r bransch. V\u00e5r verksamhet bygger p\u00e5 ansvarsfulla verksamhetss\u00e4tt, n\u00e5got som vi ocks\u00e5 f\u00f6ruts\u00e4tter av v\u00e5ra underleverant\u00f6rer och partner. Suoras ansvarsprogram grundar sig p\u00e5 FN:s m\u00e5l f\u00f6r h\u00e5llbar utveckling och vi har identifierat sex delomr\u00e5den i v\u00e5r aff\u00e4rsverksamhet genom vilka vi kan st\u00f6dja genomf\u00f6randet av dessa m\u00e5l. Under de senaste \u00e5ren har klimatf\u00f6r\u00e4ndringen och \u00e5tg\u00e4rder f\u00f6r att bek\u00e4mpa den st\u00e5tt i centrum f\u00f6r v\u00e5rt ansvarsarbete. I b\u00f6rjan av 2021 uppn\u00e5dde vi koldioxidneutralitet i v\u00e5ra produktioner som den f\u00f6rsta akt\u00f6ren i branschen i Finland.\" \/>\n<meta property=\"og:url\" content=\"https:\/\/suorabroadcast.com\/sv\/foretag\/ansvarsfullhet\/\" \/>\n<meta property=\"og:site_name\" content=\"Suora Broadcast\" \/>\n<meta property=\"article:modified_time\" content=\"2022-03-03T07:51:55+00:00\" \/>\n<meta property=\"og:image\" content=\"https:\/\/suorabroadcast.com\/wp-content\/uploads\/2022\/01\/suora-vastuullisuus-bg.jpg\" \/>\n\t<meta property=\"og:image:width\" content=\"1920\" \/>\n\t<meta property=\"og:image:height\" content=\"658\" \/>\n\t<meta property=\"og:image:type\" content=\"image\/jpeg\" \/>\n<meta name=\"twitter:card\" content=\"summary_large_image\" \/>\n<meta name=\"twitter:label1\" content=\"Ber\u00e4knad l\u00e4stid\" \/>\n\t<meta name=\"twitter:data1\" content=\"1 minut\" \/>\n<script type=\"application\/ld+json\" class=\"yoast-schema-graph\">{\"@context\":\"https:\/\/schema.org\",\"@graph\":[{\"@type\":\"WebPage\",\"@id\":\"https:\/\/suorabroadcast.com\/sv\/foretag\/ansvarsfullhet\/\",\"url\":\"https:\/\/suorabroadcast.com\/sv\/foretag\/ansvarsfullhet\/\",\"name\":\"Ansvarsfullhet - Suora Broadcast\",\"isPartOf\":{\"@id\":\"https:\/\/suorabroadcast.com\/#website\"},\"primaryImageOfPage\":{\"@id\":\"https:\/\/suorabroadcast.com\/sv\/foretag\/ansvarsfullhet\/#primaryimage\"},\"image\":{\"@id\":\"https:\/\/suorabroadcast.com\/sv\/foretag\/ansvarsfullhet\/#primaryimage\"},\"thumbnailUrl\":\"https:\/\/suorabroadcast.com\/wp-content\/uploads\/2022\/01\/suora-vastuullisuus-bg.jpg\",\"datePublished\":\"2022-01-26T12:17:01+00:00\",\"dateModified\":\"2022-03-03T07:51:55+00:00\",\"breadcrumb\":{\"@id\":\"https:\/\/suorabroadcast.com\/sv\/foretag\/ansvarsfullhet\/#breadcrumb\"},\"inLanguage\":\"sv-SE\",\"potentialAction\":[{\"@type\":\"ReadAction\",\"target\":[\"https:\/\/suorabroadcast.com\/sv\/foretag\/ansvarsfullhet\/\"]}]},{\"@type\":\"ImageObject\",\"inLanguage\":\"sv-SE\",\"@id\":\"https:\/\/suorabroadcast.com\/sv\/foretag\/ansvarsfullhet\/#primaryimage\",\"url\":\"https:\/\/suorabroadcast.com\/wp-content\/uploads\/2022\/01\/suora-vastuullisuus-bg.jpg\",\"contentUrl\":\"https:\/\/suorabroadcast.com\/wp-content\/uploads\/2022\/01\/suora-vastuullisuus-bg.jpg\",\"width\":1920,\"height\":658},{\"@type\":\"BreadcrumbList\",\"@id\":\"https:\/\/suorabroadcast.com\/sv\/foretag\/ansvarsfullhet\/#breadcrumb\",\"itemListElement\":[{\"@type\":\"ListItem\",\"position\":1,\"name\":\"F\u00f6retag\",\"item\":\"https:\/\/suorabroadcast.com\/sv\/foretag\/\"},{\"@type\":\"ListItem\",\"position\":2,\"name\":\"Ansvarsfullhet\"}]},{\"@type\":\"WebSite\",\"@id\":\"https:\/\/suorabroadcast.com\/#website\",\"url\":\"https:\/\/suorabroadcast.com\/\",\"name\":\"Suora Broadcast\",\"description\":\"\",\"potentialAction\":[{\"@type\":\"SearchAction\",\"target\":{\"@type\":\"EntryPoint\",\"urlTemplate\":\"https:\/\/suorabroadcast.com\/?s={search_term_string}\"},\"query-input\":{\"@type\":\"PropertyValueSpecification\",\"valueRequired\":true,\"valueName\":\"search_term_string\"}}],\"inLanguage\":\"sv-SE\"}]}<\/script>\n<!-- \/ Yoast SEO plugin. -->","yoast_head_json":{"title":"Ansvarsfullhet - Suora Broadcast","robots":{"index":"index","follow":"follow","max-snippet":"max-snippet:-1","max-image-preview":"max-image-preview:large","max-video-preview":"max-video-preview:-1"},"canonical":"https:\/\/suorabroadcast.com\/sv\/foretag\/ansvarsfullhet\/","og_locale":"sv_SE","og_type":"article","og_title":"Ansvarsfullhet - Suora Broadcast","og_description":"Vi vill vara en ansvarsfull banbrytare inom v\u00e5r bransch. V\u00e5r verksamhet bygger p\u00e5 ansvarsfulla verksamhetss\u00e4tt, n\u00e5got som vi ocks\u00e5 f\u00f6ruts\u00e4tter av v\u00e5ra underleverant\u00f6rer och partner. Suoras ansvarsprogram grundar sig p\u00e5 FN:s m\u00e5l f\u00f6r h\u00e5llbar utveckling och vi har identifierat sex delomr\u00e5den i v\u00e5r aff\u00e4rsverksamhet genom vilka vi kan st\u00f6dja genomf\u00f6randet av dessa m\u00e5l. Under de senaste \u00e5ren har klimatf\u00f6r\u00e4ndringen och \u00e5tg\u00e4rder f\u00f6r att bek\u00e4mpa den st\u00e5tt i centrum f\u00f6r v\u00e5rt ansvarsarbete. I b\u00f6rjan av 2021 uppn\u00e5dde vi koldioxidneutralitet i v\u00e5ra produktioner som den f\u00f6rsta akt\u00f6ren i branschen i Finland.","og_url":"https:\/\/suorabroadcast.com\/sv\/foretag\/ansvarsfullhet\/","og_site_name":"Suora Broadcast","article_modified_time":"2022-03-03T07:51:55+00:00","og_image":[{"width":1920,"height":658,"url":"https:\/\/suorabroadcast.com\/wp-content\/uploads\/2022\/01\/suora-vastuullisuus-bg.jpg","type":"image\/jpeg"}],"twitter_card":"summary_large_image","twitter_misc":{"Ber\u00e4knad l\u00e4stid":"1 minut"},"schema":{"@context":"https:\/\/schema.org","@graph":[{"@type":"WebPage","@id":"https:\/\/suorabroadcast.com\/sv\/foretag\/ansvarsfullhet\/","url":"https:\/\/suorabroadcast.com\/sv\/foretag\/ansvarsfullhet\/","name":"Ansvarsfullhet - Suora Broadcast","isPartOf":{"@id":"https:\/\/suorabroadcast.com\/#website"},"primaryImageOfPage":{"@id":"https:\/\/suorabroadcast.com\/sv\/foretag\/ansvarsfullhet\/#primaryimage"},"image":{"@id":"https:\/\/suorabroadcast.com\/sv\/foretag\/ansvarsfullhet\/#primaryimage"},"thumbnailUrl":"https:\/\/suorabroadcast.com\/wp-content\/uploads\/2022\/01\/suora-vastuullisuus-bg.jpg","datePublished":"2022-01-26T12:17:01+00:00","dateModified":"2022-03-03T07:51:55+00:00","breadcrumb":{"@id":"https:\/\/suorabroadcast.com\/sv\/foretag\/ansvarsfullhet\/#breadcrumb"},"inLanguage":"sv-SE","potentialAction":[{"@type":"ReadAction","target":["https:\/\/suorabroadcast.com\/sv\/foretag\/ansvarsfullhet\/"]}]},{"@type":"ImageObject","inLanguage":"sv-SE","@id":"https:\/\/suorabroadcast.com\/sv\/foretag\/ansvarsfullhet\/#primaryimage","url":"https:\/\/suorabroadcast.com\/wp-content\/uploads\/2022\/01\/suora-vastuullisuus-bg.jpg","contentUrl":"https:\/\/suorabroadcast.com\/wp-content\/uploads\/2022\/01\/suora-vastuullisuus-bg.jpg","width":1920,"height":658},{"@type":"BreadcrumbList","@id":"https:\/\/suorabroadcast.com\/sv\/foretag\/ansvarsfullhet\/#breadcrumb","itemListElement":[{"@type":"ListItem","position":1,"name":"F\u00f6retag","item":"https:\/\/suorabroadcast.com\/sv\/foretag\/"},{"@type":"ListItem","position":2,"name":"Ansvarsfullhet"}]},{"@type":"WebSite","@id":"https:\/\/suorabroadcast.com\/#website","url":"https:\/\/suorabroadcast.com\/","name":"Suora Broadcast","description":"","potentialAction":[{"@type":"SearchAction","target":{"@type":"EntryPoint","urlTemplate":"https:\/\/suorabroadcast.com\/?s={search_term_string}"},"query-input":{"@type":"PropertyValueSpecification","valueRequired":true,"valueName":"search_term_string"}}],"inLanguage":"sv-SE"}]}},"_links":{"self":[{"href":"https:\/\/suorabroadcast.com\/sv\/wp-json\/wp\/v2\/pages\/1150","targetHints":{"allow":["GET"]}}],"collection":[{"href":"https:\/\/suorabroadcast.com\/sv\/wp-json\/wp\/v2\/pages"}],"about":[{"href":"https:\/\/suorabroadcast.com\/sv\/wp-json\/wp\/v2\/types\/page"}],"author":[{"embeddable":true,"href":"https:\/\/suorabroadcast.com\/sv\/wp-json\/wp\/v2\/users\/1"}],"replies":[{"embeddable":true,"href":"https:\/\/suorabroadcast.com\/sv\/wp-json\/wp\/v2\/comments?post=1150"}],"version-history":[{"count":4,"href":"https:\/\/suorabroadcast.com\/sv\/wp-json\/wp\/v2\/pages\/1150\/revisions"}],"predecessor-version":[{"id":1172,"href":"https:\/\/suorabroadcast.com\/sv\/wp-json\/wp\/v2\/pages\/1150\/revisions\/1172"}],"up":[{"embeddable":true,"href":"https:\/\/suorabroadcast.com\/sv\/wp-json\/wp\/v2\/pages\/737"}],"wp:featuredmedia":[{"embeddable":true,"href":"https:\/\/suorabroadcast.com\/sv\/wp-json\/wp\/v2\/media\/1034"}],"wp:attachment":[{"href":"https:\/\/suorabroadcast.com\/sv\/wp-json\/wp\/v2\/media?parent=1150"}],"curies":[{"name":"wp","href":"https:\/\/api.w.org\/{rel}","templated":true}]}}